{"id":5,"date":"2013-07-10T15:08:21","date_gmt":"2013-07-10T15:08:21","guid":{"rendered":"http:\/\/oliwia.byethost6.com\/?page_id=5"},"modified":"2013-07-22T13:45:10","modified_gmt":"2013-07-22T13:45:10","slug":"oferta","status":"publish","type":"page","link":"http:\/\/oliwia.net\/?page_id=5","title":{"rendered":"Oferta"},"content":{"rendered":"<p><strong>Proponujemy us\u0142ugi w zakresie dostarczania , wykonywania i konserwacji :<\/strong><\/p>\n<p>&nbsp;<\/p>\n<p>\u2022 System\u00f3w Alarmowych<\/p>\n<p>\u2022 System\u00f3w Telewizji Dozorowej<\/p>\n<p>\u2022 System\u00f3w Kontroli Dost\u0119pu<\/p>\n<p>\u2022 System\u00f3w Rejestracji Czasu Pracy<\/p>\n<p>\u2022 System\u00f3w P.Po\u017c.<\/p>\n<p>\u2022 Niestandardowych Rozwi\u0105za\u0144 w Zakresie Zabezpiecze\u0144<\/p>\n<p>\u2022 Specjalistycznych , Mechanicznych System\u00f3w Zabezpiecze\u0144 :<\/p>\n<p>&#8211;\u00a0Zamki , Kasy , Sejfy , Szafy Pancerne<\/p>\n<p>\u2022 Sieci Komputerowych<\/p>\n<p>\u2022 Instalacji Elektrycznych<\/p>\n<p>\u2022 Centrali Telefonicznych<\/p>\n<p>\u2022 Zaawansowanych System\u00f3w Sterowania<\/p>\n<p>&nbsp;<\/p>\n<h4>\n<strong>Ponadto :<\/strong><br \/>\n&nbsp;<br \/>\n<span style=\"color: #ff0000;\"><strong>\u2022 Profesjonalne rozwi\u0105zania z zakresu Inteligentnego Domu.<\/strong><\/span><\/h4>\n","protected":false},"excerpt":{"rendered":"<p>Proponujemy us\u0142ugi w zakresie dostarczania , wykonywania i konserwacji : &nbsp; \u2022 System\u00f3w Alarmowych \u2022 System\u00f3w Telewizji Dozorowej \u2022 System\u00f3w Kontroli Dost\u0119pu \u2022 System\u00f3w Rejestracji Czasu Pracy \u2022 System\u00f3w P.Po\u017c. \u2022 Niestandardowych Rozwi\u0105za\u0144 w Zakresie Zabezpiecze\u0144 \u2022 Specjalistycznych , Mechanicznych System\u00f3w Zabezpiecze\u0144 : &#8211;\u00a0Zamki , Kasy , Sejfy , Szafy Pancerne \u2022 Sieci Komputerowych \u2022 [&hellip;]<\/p>\n","protected":false},"author":1,"featured_media":62,"parent":0,"menu_order":0,"comment_status":"open","ping_status":"open","template":"","meta":[],"_links":{"self":[{"href":"http:\/\/oliwia.net\/index.php?rest_route=\/wp\/v2\/pages\/5"}],"collection":[{"href":"http:\/\/oliwia.net\/index.php?rest_route=\/wp\/v2\/pages"}],"about":[{"href":"http:\/\/oliwia.net\/index.php?rest_route=\/wp\/v2\/types\/page"}],"author":[{"embeddable":true,"href":"http:\/\/oliwia.net\/index.php?rest_route=\/wp\/v2\/users\/1"}],"replies":[{"embeddable":true,"href":"http:\/\/oliwia.net\/index.php?rest_route=%2Fwp%2Fv2%2Fcomments&post=5"}],"version-history":[{"count":25,"href":"http:\/\/oliwia.net\/index.php?rest_route=\/wp\/v2\/pages\/5\/revisions"}],"predecessor-version":[{"id":265,"href":"http:\/\/oliwia.net\/index.php?rest_route=\/wp\/v2\/pages\/5\/revisions\/265"}],"wp:featuredmedia":[{"embeddable":true,"href":"http:\/\/oliwia.net\/index.php?rest_route=\/wp\/v2\/media\/62"}],"wp:attachment":[{"href":"http:\/\/oliwia.net\/index.php?rest_route=%2Fwp%2Fv2%2Fmedia&parent=5"}],"curies":[{"name":"wp","href":"https:\/\/api.w.org\/{rel}","templated":true}]}}