{"id":7,"date":"2013-07-10T15:08:39","date_gmt":"2013-07-10T15:08:39","guid":{"rendered":"http:\/\/oliwia.byethost6.com\/?page_id=7"},"modified":"2013-07-17T14:43:57","modified_gmt":"2013-07-17T14:43:57","slug":"serwis","status":"publish","type":"page","link":"http:\/\/oliwia.net\/?page_id=7","title":{"rendered":"Serwis"},"content":{"rendered":"<p><strong>Dzi\u0119ki wykorzystaniu w naszej pracy nowoczesnych technologii oraz urz\u0105dze\u0144 na najwy\u017cszym poziomie zaawansowania technologicznego mo\u017cemy tworzy\u0107 , modernizowa\u0107 oraz serwisowa\u0107 wszystkie instalacje z zakresu zabezpiecze\u0144.<\/strong><\/p>\n<p><strong>Jeste\u015bmy wdzi\u0119czni za okazan\u0105 nam przychylno\u015b\u0107 i \u017cyczliwo\u015b\u0107. Zawsze pozostajemy do Pa\u0144stwa us\u0142ug.<\/strong><\/p>\n<p>&nbsp;<\/p>\n<p>&nbsp;<\/p>\n<style type=\"text\/css\">\n\t\t\t#gallery-1 {\n\t\t\t\tmargin: auto;\n\t\t\t}\n\t\t\t#gallery-1 .gallery-item {\n\t\t\t\tfloat: left;\n\t\t\t\tmargin-top: 10px;\n\t\t\t\ttext-align: center;\n\t\t\t\twidth: 50%;\n\t\t\t}\n\t\t\t#gallery-1 img {\n\t\t\t\tborder: 2px solid #cfcfcf;\n\t\t\t}\n\t\t\t#gallery-1 .gallery-caption {\n\t\t\t\tmargin-left: 0;\n\t\t\t}\n\t\t\t\/* see gallery_shortcode() in wp-includes\/media.php *\/\n\t\t<\/style>\n<div id='gallery-1' class='gallery galleryid-7 gallery-columns-2 gallery-size-thumbnail'>\n<dl class='gallery-item'>\n<dt class='gallery-icon landscape'>\n\t\t\t\t<a rel=\"prettyPhoto[gallery-7]\" href='http:\/\/oliwia.net\/wp-content\/uploads\/2013\/07\/alarm6.jpg'><img width=\"150\" height=\"150\" src=\"http:\/\/oliwia.net\/wp-content\/uploads\/2013\/07\/alarm6-150x150.jpg\" class=\"attachment-thumbnail size-thumbnail\" alt=\"\" decoding=\"async\" loading=\"lazy\" \/><\/a>\n\t\t\t<\/dt>\n<\/dl>\n<dl class='gallery-item'>\n<dt class='gallery-icon landscape'>\n\t\t\t\t<a rel=\"prettyPhoto[gallery-7]\" href='http:\/\/oliwia.net\/wp-content\/uploads\/2013\/07\/alarm5.jpg'><img width=\"150\" height=\"150\" src=\"http:\/\/oliwia.net\/wp-content\/uploads\/2013\/07\/alarm5-150x150.jpg\" class=\"attachment-thumbnail size-thumbnail\" alt=\"\" decoding=\"async\" loading=\"lazy\" \/><\/a>\n\t\t\t<\/dt>\n<\/dl>\n<p><br style=\"clear: both\" \/><\/p>\n<dl class='gallery-item'>\n<dt class='gallery-icon landscape'>\n\t\t\t\t<a rel=\"prettyPhoto[gallery-7]\" href='http:\/\/oliwia.net\/wp-content\/uploads\/2013\/07\/alarm4.jpg'><img width=\"150\" height=\"150\" src=\"http:\/\/oliwia.net\/wp-content\/uploads\/2013\/07\/alarm4-150x150.jpg\" class=\"attachment-thumbnail size-thumbnail\" alt=\"\" decoding=\"async\" loading=\"lazy\" \/><\/a>\n\t\t\t<\/dt>\n<\/dl>\n<dl class='gallery-item'>\n<dt class='gallery-icon landscape'>\n\t\t\t\t<a rel=\"prettyPhoto[gallery-7]\" href='http:\/\/oliwia.net\/wp-content\/uploads\/2013\/07\/alarm1.jpg'><img width=\"150\" height=\"150\" src=\"http:\/\/oliwia.net\/wp-content\/uploads\/2013\/07\/alarm1-150x150.jpg\" class=\"attachment-thumbnail size-thumbnail\" alt=\"\" decoding=\"async\" loading=\"lazy\" \/><\/a>\n\t\t\t<\/dt>\n<\/dl>\n<p><br style=\"clear: both\" \/><\/p>\n<dl class='gallery-item'>\n<dt class='gallery-icon landscape'>\n\t\t\t\t<a rel=\"prettyPhoto[gallery-7]\" href='http:\/\/oliwia.net\/wp-content\/uploads\/2013\/07\/alarm2.jpg'><img width=\"150\" height=\"150\" src=\"http:\/\/oliwia.net\/wp-content\/uploads\/2013\/07\/alarm2-150x150.jpg\" class=\"attachment-thumbnail size-thumbnail\" alt=\"\" decoding=\"async\" loading=\"lazy\" \/><\/a>\n\t\t\t<\/dt>\n<\/dl>\n<dl class='gallery-item'>\n<dt class='gallery-icon landscape'>\n\t\t\t\t<a rel=\"prettyPhoto[gallery-7]\" href='http:\/\/oliwia.net\/wp-content\/uploads\/2013\/07\/alarm3.jpg'><img width=\"150\" height=\"150\" src=\"http:\/\/oliwia.net\/wp-content\/uploads\/2013\/07\/alarm3-150x150.jpg\" class=\"attachment-thumbnail size-thumbnail\" alt=\"\" decoding=\"async\" loading=\"lazy\" \/><\/a>\n\t\t\t<\/dt>\n<\/dl>\n<p><br style=\"clear: both\" \/>\n\t\t<\/div>\n<p>&nbsp;<\/p>\n","protected":false},"excerpt":{"rendered":"<p>Dzi\u0119ki wykorzystaniu w naszej pracy nowoczesnych technologii oraz urz\u0105dze\u0144 na najwy\u017cszym poziomie zaawansowania technologicznego mo\u017cemy tworzy\u0107 , modernizowa\u0107 oraz serwisowa\u0107 wszystkie instalacje z zakresu zabezpiecze\u0144. Jeste\u015bmy wdzi\u0119czni za okazan\u0105 nam przychylno\u015b\u0107 i \u017cyczliwo\u015b\u0107. Zawsze pozostajemy do Pa\u0144stwa us\u0142ug. &nbsp; &nbsp; &nbsp;<\/p>\n","protected":false},"author":1,"featured_media":64,"parent":0,"menu_order":0,"comment_status":"open","ping_status":"open","template":"","meta":[],"_links":{"self":[{"href":"http:\/\/oliwia.net\/index.php?rest_route=\/wp\/v2\/pages\/7"}],"collection":[{"href":"http:\/\/oliwia.net\/index.php?rest_route=\/wp\/v2\/pages"}],"about":[{"href":"http:\/\/oliwia.net\/index.php?rest_route=\/wp\/v2\/types\/page"}],"author":[{"embeddable":true,"href":"http:\/\/oliwia.net\/index.php?rest_route=\/wp\/v2\/users\/1"}],"replies":[{"embeddable":true,"href":"http:\/\/oliwia.net\/index.php?rest_route=%2Fwp%2Fv2%2Fcomments&post=7"}],"version-history":[{"count":5,"href":"http:\/\/oliwia.net\/index.php?rest_route=\/wp\/v2\/pages\/7\/revisions"}],"predecessor-version":[{"id":140,"href":"http:\/\/oliwia.net\/index.php?rest_route=\/wp\/v2\/pages\/7\/revisions\/140"}],"wp:featuredmedia":[{"embeddable":true,"href":"http:\/\/oliwia.net\/index.php?rest_route=\/wp\/v2\/media\/64"}],"wp:attachment":[{"href":"http:\/\/oliwia.net\/index.php?rest_route=%2Fwp%2Fv2%2Fmedia&parent=7"}],"curies":[{"name":"wp","href":"https:\/\/api.w.org\/{rel}","templated":true}]}}