{"id":8,"date":"2013-07-10T15:08:53","date_gmt":"2013-07-10T15:08:53","guid":{"rendered":"http:\/\/oliwia.byethost6.com\/?page_id=8"},"modified":"2013-07-21T11:03:12","modified_gmt":"2013-07-21T11:03:12","slug":"rekomendacje","status":"publish","type":"page","link":"http:\/\/oliwia.net\/?page_id=8","title":{"rendered":"Rekomendacje"},"content":{"rendered":"<p><strong>Zaufa\u0142o nam ju\u017c wiele firm oraz os\u00f3b prywatnych.<\/strong> <strong>Uko\u0144czyli\u015bmy wiele szkole\u0144 i pragniemy to potwierdzi\u0107 Certyfikatami oraz Listami Referencyjnymi zamieszczonymi poni\u017cej.<\/strong><\/p>\n<p>&nbsp;<\/p>\n<style type=\"text\/css\">\n\t\t\t#gallery-1 {\n\t\t\t\tmargin: auto;\n\t\t\t}\n\t\t\t#gallery-1 .gallery-item {\n\t\t\t\tfloat: left;\n\t\t\t\tmargin-top: 10px;\n\t\t\t\ttext-align: center;\n\t\t\t\twidth: 50%;\n\t\t\t}\n\t\t\t#gallery-1 img {\n\t\t\t\tborder: 2px solid #cfcfcf;\n\t\t\t}\n\t\t\t#gallery-1 .gallery-caption {\n\t\t\t\tmargin-left: 0;\n\t\t\t}\n\t\t\t\/* see gallery_shortcode() in wp-includes\/media.php *\/\n\t\t<\/style>\n<div id='gallery-1' class='gallery galleryid-8 gallery-columns-2 gallery-size-thumbnail'>\n<dl class='gallery-item'>\n<dt class='gallery-icon portrait'>\n\t\t\t\t<a rel=\"prettyPhoto[gallery-8]\" href='http:\/\/oliwia.net\/wp-content\/uploads\/2013\/07\/skan7.jpg'><img width=\"150\" height=\"150\" src=\"http:\/\/oliwia.net\/wp-content\/uploads\/2013\/07\/skan7-150x150.jpg\" class=\"attachment-thumbnail size-thumbnail\" alt=\"\" decoding=\"async\" loading=\"lazy\" \/><\/a>\n\t\t\t<\/dt>\n<\/dl>\n<dl class='gallery-item'>\n<dt class='gallery-icon portrait'>\n\t\t\t\t<a rel=\"prettyPhoto[gallery-8]\" href='http:\/\/oliwia.net\/wp-content\/uploads\/2013\/07\/skan6.jpg'><img width=\"150\" height=\"150\" src=\"http:\/\/oliwia.net\/wp-content\/uploads\/2013\/07\/skan6-150x150.jpg\" class=\"attachment-thumbnail size-thumbnail\" alt=\"\" decoding=\"async\" loading=\"lazy\" \/><\/a>\n\t\t\t<\/dt>\n<\/dl>\n<p><br style=\"clear: both\" \/><\/p>\n<dl class='gallery-item'>\n<dt class='gallery-icon portrait'>\n\t\t\t\t<a rel=\"prettyPhoto[gallery-8]\" href='http:\/\/oliwia.net\/wp-content\/uploads\/2013\/07\/skan5.jpg'><img width=\"150\" height=\"150\" src=\"http:\/\/oliwia.net\/wp-content\/uploads\/2013\/07\/skan5-150x150.jpg\" class=\"attachment-thumbnail size-thumbnail\" alt=\"\" decoding=\"async\" loading=\"lazy\" \/><\/a>\n\t\t\t<\/dt>\n<\/dl>\n<dl class='gallery-item'>\n<dt class='gallery-icon landscape'>\n\t\t\t\t<a rel=\"prettyPhoto[gallery-8]\" href='http:\/\/oliwia.net\/wp-content\/uploads\/2013\/07\/skan2.jpg'><img width=\"150\" height=\"150\" src=\"http:\/\/oliwia.net\/wp-content\/uploads\/2013\/07\/skan2-150x150.jpg\" class=\"attachment-thumbnail size-thumbnail\" alt=\"\" decoding=\"async\" loading=\"lazy\" \/><\/a>\n\t\t\t<\/dt>\n<\/dl>\n<p><br style=\"clear: both\" \/><\/p>\n<dl class='gallery-item'>\n<dt class='gallery-icon portrait'>\n\t\t\t\t<a rel=\"prettyPhoto[gallery-8]\" href='http:\/\/oliwia.net\/wp-content\/uploads\/2013\/07\/skan3.jpg'><img width=\"150\" height=\"150\" src=\"http:\/\/oliwia.net\/wp-content\/uploads\/2013\/07\/skan3-150x150.jpg\" class=\"attachment-thumbnail size-thumbnail\" alt=\"\" decoding=\"async\" loading=\"lazy\" \/><\/a>\n\t\t\t<\/dt>\n<\/dl>\n<dl class='gallery-item'>\n<dt class='gallery-icon portrait'>\n\t\t\t\t<a rel=\"prettyPhoto[gallery-8]\" href='http:\/\/oliwia.net\/wp-content\/uploads\/2013\/07\/skan4.jpg'><img width=\"150\" height=\"150\" src=\"http:\/\/oliwia.net\/wp-content\/uploads\/2013\/07\/skan4-150x150.jpg\" class=\"attachment-thumbnail size-thumbnail\" alt=\"\" decoding=\"async\" loading=\"lazy\" \/><\/a>\n\t\t\t<\/dt>\n<\/dl>\n<p><br style=\"clear: both\" \/><\/p>\n<dl class='gallery-item'>\n<dt class='gallery-icon portrait'>\n\t\t\t\t<a rel=\"prettyPhoto[gallery-8]\" href='http:\/\/oliwia.net\/wp-content\/uploads\/2013\/07\/skan1.jpg'><img width=\"150\" height=\"150\" src=\"http:\/\/oliwia.net\/wp-content\/uploads\/2013\/07\/skan1-150x150.jpg\" class=\"attachment-thumbnail size-thumbnail\" alt=\"\" decoding=\"async\" loading=\"lazy\" \/><\/a>\n\t\t\t<\/dt>\n<\/dl>\n<dl class='gallery-item'>\n<dt class='gallery-icon portrait'>\n\t\t\t\t<a rel=\"prettyPhoto[gallery-8]\" href='http:\/\/oliwia.net\/wp-content\/uploads\/2013\/07\/w.jpg'><img width=\"150\" height=\"150\" src=\"http:\/\/oliwia.net\/wp-content\/uploads\/2013\/07\/w-150x150.jpg\" class=\"attachment-thumbnail size-thumbnail\" alt=\"\" decoding=\"async\" loading=\"lazy\" \/><\/a>\n\t\t\t<\/dt>\n<\/dl>\n<p><br style=\"clear: both\" \/>\n\t\t<\/div>\n","protected":false},"excerpt":{"rendered":"<p>Zaufa\u0142o nam ju\u017c wiele firm oraz os\u00f3b prywatnych. Uko\u0144czyli\u015bmy wiele szkole\u0144 i pragniemy to potwierdzi\u0107 Certyfikatami oraz Listami Referencyjnymi zamieszczonymi poni\u017cej. &nbsp;<\/p>\n","protected":false},"author":1,"featured_media":63,"parent":0,"menu_order":0,"comment_status":"open","ping_status":"open","template":"","meta":[],"_links":{"self":[{"href":"http:\/\/oliwia.net\/index.php?rest_route=\/wp\/v2\/pages\/8"}],"collection":[{"href":"http:\/\/oliwia.net\/index.php?rest_route=\/wp\/v2\/pages"}],"about":[{"href":"http:\/\/oliwia.net\/index.php?rest_route=\/wp\/v2\/types\/page"}],"author":[{"embeddable":true,"href":"http:\/\/oliwia.net\/index.php?rest_route=\/wp\/v2\/users\/1"}],"replies":[{"embeddable":true,"href":"http:\/\/oliwia.net\/index.php?rest_route=%2Fwp%2Fv2%2Fcomments&post=8"}],"version-history":[{"count":17,"href":"http:\/\/oliwia.net\/index.php?rest_route=\/wp\/v2\/pages\/8\/revisions"}],"predecessor-version":[{"id":127,"href":"http:\/\/oliwia.net\/index.php?rest_route=\/wp\/v2\/pages\/8\/revisions\/127"}],"wp:featuredmedia":[{"embeddable":true,"href":"http:\/\/oliwia.net\/index.php?rest_route=\/wp\/v2\/media\/63"}],"wp:attachment":[{"href":"http:\/\/oliwia.net\/index.php?rest_route=%2Fwp%2Fv2%2Fmedia&parent=8"}],"curies":[{"name":"wp","href":"https:\/\/api.w.org\/{rel}","templated":true}]}}